{"id":103,"date":"2026-02-02T01:21:08","date_gmt":"2026-02-02T01:21:08","guid":{"rendered":"https:\/\/baler-hay.com\/?page_id=103"},"modified":"2026-02-02T03:11:09","modified_gmt":"2026-02-02T03:11:09","slug":"contactanos","status":"publish","type":"page","link":"https:\/\/baler-hay.com\/es\/contactanos\/","title":{"rendered":"Cont\u00e1ctenos"},"content":{"rendered":"<p>[et_pb_section fb_built=&#8221;1&#8243; _builder_version=&#8221;4.20.4&#8243; _module_preset=&#8221;default&#8221; background_color=&#8221;#0C71C3&#8243; global_colors_info=&#8221;{}&#8221;][et_pb_row _builder_version=&#8221;4.20.4&#8243; _module_preset=&#8221;default&#8221; global_colors_info=&#8221;{}&#8221;][et_pb_column type=&#8221;4_4&#8243; _builder_version=&#8221;4.20.4&#8243; _module_preset=&#8221;default&#8221; global_colors_info=&#8221;{}&#8221;][et_pb_text _builder_version=&#8221;4.20.4&#8243; _module_preset=&#8221;default&#8221; text_font=&#8221;|700|||||||&#8221; text_font_size=&#8221;40px&#8221; header_font=&#8221;|700|||||||&#8221; header_font_size=&#8221;50px&#8221; global_colors_info=&#8221;{}&#8221;]<\/p>\n<h1 style=\"text-align: center;\">Cont\u00e1ctenos<\/h1>\n<p>[\/et_pb_text][\/et_pb_column][\/et_pb_row][\/et_pb_section][et_pb_section fb_built=&#8221;1&#8243; _builder_version=&#8221;4.20.4&#8243; _module_preset=&#8221;default&#8221; global_colors_info=&#8221;{}&#8221;][et_pb_row _builder_version=&#8221;4.20.4&#8243; _module_preset=&#8221;default&#8221; global_colors_info=&#8221;{}&#8221;][et_pb_column type=&#8221;4_4&#8243; _builder_version=&#8221;4.20.4&#8243; _module_preset=&#8221;default&#8221; global_colors_info=&#8221;{}&#8221;][et_pb_text _builder_version=&#8221;4.20.4&#8243; _module_preset=&#8221;default&#8221; global_colors_info=&#8221;{}&#8221;]<\/p>\n<p style=\"text-align: center;\">Aceptamos consultas de distribuidores, comerciantes y compradores profesionales de maquinaria agr\u00edcola de todo el mundo.<br \/>Ya sea que est\u00e9 buscando detalles del producto, precios, personalizaci\u00f3n o cooperaci\u00f3n a largo plazo, nuestro equipo est\u00e1 listo para ayudarlo.<\/p>\n<p style=\"text-align: center;\">Para obtener asistencia m\u00e1s r\u00e1pida, incluya su mercado objetivo, tipo de producto y cantidad de pedido estimada en su mensaje.<\/p>\n<p>[\/et_pb_text][\/et_pb_column][\/et_pb_row][\/et_pb_section][et_pb_section fb_built=&#8221;1&#8243; _builder_version=&#8221;4.20.4&#8243; _module_preset=&#8221;default&#8221; custom_margin=&#8221;-45px||||false|false&#8221; global_colors_info=&#8221;{}&#8221;][et_pb_row column_structure=&#8221;1_2,1_2&#8243; _builder_version=&#8221;4.20.4&#8243; _module_preset=&#8221;default&#8221; global_colors_info=&#8221;{}&#8221;][et_pb_column type=&#8221;1_2&#8243; _builder_version=&#8221;4.20.4&#8243; _module_preset=&#8221;default&#8221; global_colors_info=&#8221;{}&#8221;][et_pb_text _builder_version=&#8221;4.20.4&#8243; _module_preset=&#8221;default&#8221; header_2_font=&#8221;|700|||||||&#8221; header_2_font_size=&#8221;40px&#8221; hover_enabled=&#8221;0&#8243; global_colors_info=&#8221;{}&#8221; sticky_enabled=&#8221;0&#8243;]<\/p>\n<h2>Direcci\u00f3n de la empresa<\/h2>\n<p>? Ubicaci\u00f3n de la oficina: Nueva Gales del Sur \u2013 S\u00eddney 11 Harley Crescent, Condell Park NSW 2200<br \/>Australia<\/p>\n<p data-start=\"1297\" data-end=\"1319\">[\/et_pb_text][et_pb_code _builder_version=&#8221;4.20.4&#8243; _module_preset=&#8221;default&#8221; global_colors_info=&#8221;{}&#8221;]<iframe src=\"https:\/\/www.google.com\/maps\/embed?pb=!1m18!1m12!1m3!1d3310.6934290293484!2d150.99589767544035!3d-33.92328902188269!2m3!1f0!2f0!3f0!3m2!1i1024!2i768!4f13.1!3m3!1m2!1s0x6b12be7dc5d816b3%3A0x9f5d186586b7505f!2s11%20Harley%20Cres%2C%20Condell%20Park%20NSW%202200%2C%20Australia!5e0!3m2!1sen!2sus!4v1769994510752!5m2!1sen!2sus\" width=\"600\" height=\"450\" style=\"border:0;\" allowfullscreen=\"\" loading=\"lazy\" referrerpolicy=\"no-referrer-when-downgrade\"><\/iframe>[\/et_pb_code][\/et_pb_column][et_pb_column type=&#8221;1_2&#8243; _builder_version=&#8221;4.20.4&#8243; _module_preset=&#8221;default&#8221; global_colors_info=&#8221;{}&#8221;][et_pb_text _builder_version=&#8221;4.20.4&#8243; _module_preset=&#8221;default&#8221; header_2_font=&#8221;|700|||||||&#8221; header_2_font_size=&#8221;40px&#8221; hover_enabled=&#8221;0&#8243; global_colors_info=&#8221;{}&#8221; sticky_enabled=&#8221;0&#8243;]<\/p>\n<h2>Cont\u00e1ctenos<\/h2>\n<p>\u00bfEst\u00e1 buscando soluciones confiables en maquinaria para heno y forraje?<br \/>Comun\u00edquese con nuestro equipo y perm\u00edtanos ayudarlo a encontrar el equipo adecuado para su mercado.<\/p>\n<p>[\/et_pb_text][et_pb_code module_id=&#8221;contacts&#8221; _builder_version=&#8221;4.20.4&#8243; _module_preset=&#8221;default&#8221; custom_margin=&#8221;2px||||false|false&#8221; global_colors_info=&#8221;{}&#8221;]<div class='fluentform ff-default fluentform_wrapper_3 ffs_default_wrap'><form data-form_id=\"3\" id=\"fluentform_3\" class=\"frm-fluent-form fluent_form_3 ff-el-form-top ff_form_instance_3_1 ff-form-loading ffs_default\" data-form_instance=\"ff_form_instance_3_1\" method=\"POST\" action=\"\" ><fieldset  style=\"border: none!important;margin: 0!important;padding: 0!important;background-color: transparent!important;box-shadow: none!important;outline: none!important; min-inline-size: 100%;\">\n                    <legend class=\"ff_screen_reader_title\" style=\"display: block; margin: 0!important;padding: 0!important;height: 0!important;text-indent: -999999px;width: 0!important;overflow:hidden;\">Contacto<\/legend><input type='hidden' name='__fluent_form_embded_post_id' value='103' \/><input type=\"hidden\" id=\"_fluentform_3_fluentformnonce\" name=\"_fluentform_3_fluentformnonce\" value=\"3ddde07136\" \/><input type=\"hidden\" name=\"_wp_http_referer\" value=\"\/es\/wp-json\/wp\/v2\/pages\/103\" \/><div class='ff-el-group'><div class=\"ff-el-input--label ff-el-is-required asterisk-right\"><label for='ff_3_name' id='label_ff_3_name' >Nombre<\/label><\/div><div class='ff-el-input--content'><input type=\"text\" name=\"name\" class=\"ff-el-form-control\" id=\"ff_3_name\" data-name=\"name\"  aria-invalid=\"false\" aria-required=\"true\"><\/div><\/div><div class='ff-el-group'><div class=\"ff-el-input--label ff-el-is-required asterisk-right\"><label for='ff_3_email' id='label_ff_3_email' aria-label=\"Correo electr\u00f3nico\">Correo electr\u00f3nico<\/label><\/div><div class='ff-el-input--content'><input type=\"email\" name=\"email\" class=\"ff-el-form-control\" id=\"ff_3_email\" data-name=\"email\"  aria-invalid=\"false\" aria-required=\"true\"><\/div><\/div><div class='ff-el-group'><div class=\"ff-el-input--label ff-el-is-required asterisk-right\"><label for='ff_3_business_organization_1652772713219' id='label_ff_3_business_organization_1652772713219' aria-label=\"Negocio \/ Organizaci\u00f3n\">Negocio \/ Organizaci\u00f3n<\/label><\/div><div class='ff-el-input--content'><input type=\"text\" name=\"business_organization_1652772713219\" class=\"ff-el-form-control\" id=\"ff_3_business_organization_1652772713219\" data-name=\"business_organization_1652772713219\"  aria-invalid=\"false\" aria-required=\"true\"><\/div><\/div><div class='ff-el-group'><div class=\"ff-el-input--label ff-el-is-required asterisk-right\"><label for='ff_3_message' id='label_ff_3_message' aria-label=\"Mensaje\">Mensaje<\/label><\/div><div class='ff-el-input--content'><textarea aria-required=\"true\" aria-labelledby=\"label_ff_3_message\" name=\"message\" class=\"ff-el-form-control\" id=\"ff_3_message\" cols=\"2\" data-name=\"message\" ><\/textarea><\/div><\/div><div class='ff-el-group ff-text-left ff_submit_btn_wrapper'><button type=\"submit\" class=\"ff-btn ff-btn-submit ff-btn-md ff_btn_style\"  aria-label=\"Entregar\">Entregar<\/button><\/div><\/fieldset><input type=\"hidden\" name=\"trp-form-language\" value=\"es\"\/><\/form><div id='fluentform_3_errors' class='ff-errors-in-stack ff_form_instance_3_1 ff-form-loading_errors ff_form_instance_3_1_errors'><\/div><\/div>            <script type=\"text\/javascript\">\n                window.fluent_form_ff_form_instance_3_1 = {\"id\":\"3\",\"settings\":{\"layout\":{\"labelPlacement\":\"top\",\"asteriskPlacement\":\"asterisk-right\",\"helpMessagePlacement\":\"with_label\",\"errorMessagePlacement\":\"inline\",\"cssClassName\":\"\"},\"restrictions\":{\"denyEmptySubmission\":{\"enabled\":false}}},\"form_instance\":\"ff_form_instance_3_1\",\"form_id_selector\":\"fluentform_3\",\"rules\":{\"name\":{\"required\":{\"value\":true,\"message\":\"This field is required\"}},\"email\":{\"required\":{\"value\":true,\"message\":\"This field is required\"},\"email\":{\"value\":1,\"message\":\"This field must contain a valid email\"}},\"business_organization_1652772713219\":{\"required\":{\"value\":true,\"message\":\"This field is required\"}},\"message\":{\"required\":{\"value\":true,\"message\":\"This field is required\"}}},\"debounce_time\":300};\n                            <\/script>\n            [\/et_pb_code][\/et_pb_column][\/et_pb_row][et_pb_row _builder_version=&#8221;4.20.4&#8243; _module_preset=&#8221;default&#8221; global_colors_info=&#8221;{}&#8221;][et_pb_column type=&#8221;4_4&#8243; _builder_version=&#8221;4.20.4&#8243; _module_preset=&#8221;default&#8221; global_colors_info=&#8221;{}&#8221;][et_pb_text _builder_version=&#8221;4.20.4&#8243; _module_preset=&#8221;default&#8221; header_2_font_size=&#8221;40px&#8221; custom_margin=&#8221;63px||||false|false&#8221; global_colors_info=&#8221;{}&#8221;]<\/p>\n<h2 style=\"text-align: center;\"><strong>Preguntas frecuentes generales<\/strong><\/h2>\n<p>[\/et_pb_text][et_pb_text _builder_version=&#8221;4.20.4&#8243; _module_preset=&#8221;default&#8221; global_colors_info=&#8221;{}&#8221;]<\/p>\n<h5 data-start=\"331\" data-end=\"406\"><\/h5>\n<h5 data-start=\"331\" data-end=\"406\"><strong data-start=\"335\" data-end=\"406\">Q1:\u00bfOfrecen env\u00edo internacional para maquinaria agr\u00edcola?<\/strong><\/h5>\n<p data-start=\"407\" data-end=\"658\"><strong data-start=\"407\" data-end=\"413\">A:<\/strong>S\u00ed. Gestionamos env\u00edos de exportaci\u00f3n para clientes internacionales en todo el mundo. Seg\u00fan la cantidad del pedido y el destino, la maquinaria puede enviarse por mar en contenedores o carga a granel. Nuestro equipo le ayuda con el embalaje, la carga y la documentaci\u00f3n de exportaci\u00f3n.<\/p>\n<hr data-start=\"986\" data-end=\"989\" \/>\n<h5 data-start=\"665\" data-end=\"742\"><strong data-start=\"669\" data-end=\"742\">P2: \u00bfEs posible personalizar su equipo empacador de heno para diferentes mercados?<\/strong><\/h5>\n<p data-start=\"743\" data-end=\"984\"><strong data-start=\"743\" data-end=\"749\">A:<\/strong>S\u00ed. Ofrecemos opciones de personalizaci\u00f3n para empacadoras de heno y equipos relacionados, incluyendo especificaciones, configuraciones y requisitos del mercado. Ofrecemos servicios de personalizaci\u00f3n OEM y a granel para distribuidores y compradores profesionales.<\/p>\n<hr data-start=\"986\" data-end=\"989\" \/>\n<h5 data-start=\"991\" data-end=\"1061\"><strong data-start=\"995\" data-end=\"1061\">P3: \u00bfCu\u00e1l es el plazo t\u00edpico de producci\u00f3n y entrega?<\/strong><\/h5>\n<p data-start=\"1062\" data-end=\"1317\"><strong data-start=\"1062\" data-end=\"1068\">A:<\/strong>El plazo de entrega depende del modelo del equipo y del volumen del pedido. Los modelos est\u00e1ndar suelen requerir un ciclo de producci\u00f3n m\u00e1s corto, mientras que los pedidos personalizados pueden tardar m\u00e1s. Nuestro equipo de ventas confirmar\u00e1 el plazo estimado antes de confirmar el pedido.<\/p>\n<hr data-start=\"986\" data-end=\"989\" \/>\n<h5 data-start=\"1352\" data-end=\"1411\"><strong data-start=\"1356\" data-end=\"1411\">P4: \u00bfQu\u00e9 est\u00e1ndares de calidad siguen sus m\u00e1quinas?<\/strong><\/h5>\n<p data-start=\"1412\" data-end=\"1657\"><strong data-start=\"1412\" data-end=\"1418\">A:<\/strong>Fabricamos nuestra maquinaria agr\u00edcola priorizando la durabilidad, el rendimiento estable y la facilidad de mantenimiento. Cada m\u00e1quina se inspecciona antes del env\u00edo para garantizar que cumpla con los requisitos operativos y de exportaci\u00f3n para los mercados internacionales.<\/p>\n<hr data-start=\"1659\" data-end=\"1662\" \/>\n<h5 data-start=\"1664\" data-end=\"1724\"><strong data-start=\"1668\" data-end=\"1724\">Q5: \u00bfOfrecen soporte t\u00e9cnico despu\u00e9s de la compra?<\/strong><\/h5>\n<p data-start=\"1725\" data-end=\"1924\"><strong data-start=\"1725\" data-end=\"1731\">A:<\/strong>S\u00ed. Ofrecemos soporte t\u00e9cnico 24\/7 a clientes internacionales. El soporte incluye orientaci\u00f3n operativa, asesoramiento sobre mantenimiento y resoluci\u00f3n de problemas para garantizar el rendimiento a largo plazo de los equipos.<\/p>\n<p data-start=\"1062\" data-end=\"1317\">[\/et_pb_text][\/et_pb_column][\/et_pb_row][\/et_pb_section]<\/p>","protected":false},"excerpt":{"rendered":"<p>Contact UsWe welcome inquiries from agricultural machinery distributors, dealers, and professional buyers worldwide.Whether you are looking for product details, pricing, customization, or long-term cooperation, our team is ready to support you. For faster assistance, please include your target market, product type, and estimated order quantity in your message.Company Adress ? Office Location:New South Wales \u2013 [&hellip;]<\/p>","protected":false},"author":1,"featured_media":0,"parent":0,"menu_order":0,"comment_status":"closed","ping_status":"closed","template":"","meta":{"_et_pb_use_builder":"on","_et_pb_old_content":"","_et_gb_content_width":"","footnotes":""},"class_list":["post-103","page","type-page","status-publish","hentry"],"_links":{"self":[{"href":"https:\/\/baler-hay.com\/es\/wp-json\/wp\/v2\/pages\/103","targetHints":{"allow":["GET"]}}],"collection":[{"href":"https:\/\/baler-hay.com\/es\/wp-json\/wp\/v2\/pages"}],"about":[{"href":"https:\/\/baler-hay.com\/es\/wp-json\/wp\/v2\/types\/page"}],"author":[{"embeddable":true,"href":"https:\/\/baler-hay.com\/es\/wp-json\/wp\/v2\/users\/1"}],"replies":[{"embeddable":true,"href":"https:\/\/baler-hay.com\/es\/wp-json\/wp\/v2\/comments?post=103"}],"version-history":[{"count":8,"href":"https:\/\/baler-hay.com\/es\/wp-json\/wp\/v2\/pages\/103\/revisions"}],"predecessor-version":[{"id":129,"href":"https:\/\/baler-hay.com\/es\/wp-json\/wp\/v2\/pages\/103\/revisions\/129"}],"wp:attachment":[{"href":"https:\/\/baler-hay.com\/es\/wp-json\/wp\/v2\/media?parent=103"}],"curies":[{"name":"wp","href":"https:\/\/api.w.org\/{rel}","templated":true}]}}