{"id":103,"date":"2026-02-02T01:21:08","date_gmt":"2026-02-02T01:21:08","guid":{"rendered":"https:\/\/baler-hay.com\/?page_id=103"},"modified":"2026-02-02T03:11:09","modified_gmt":"2026-02-02T03:11:09","slug":"contactez-nous","status":"publish","type":"page","link":"https:\/\/baler-hay.com\/fr\/contactez-nous\/","title":{"rendered":"Contactez-nous"},"content":{"rendered":"<p>[et_pb_section fb_built=&#8221;1&#8243; _builder_version=&#8221;4.20.4&#8243; _module_preset=&#8221;default&#8221; background_color=&#8221;#0C71C3&#8243; global_colors_info=&#8221;{}&#8221;][et_pb_row _builder_version=&#8221;4.20.4&#8243; _module_preset=&#8221;default&#8221; global_colors_info=&#8221;{}&#8221;][et_pb_column type=&#8221;4_4&#8243; _builder_version=&#8221;4.20.4&#8243; _module_preset=&#8221;default&#8221; global_colors_info=&#8221;{}&#8221;][et_pb_text _builder_version=&#8221;4.20.4&#8243; _module_preset=&#8221;default&#8221; text_font=&#8221;|700|||||||&#8221; text_font_size=&#8221;40px&#8221; header_font=&#8221;|700|||||||&#8221; header_font_size=&#8221;50px&#8221; global_colors_info=&#8221;{}&#8221;]<\/p>\n<h1 style=\"text-align: center;\">Contactez-nous<\/h1>\n<p>[\/et_pb_text][\/et_pb_column][\/et_pb_row][\/et_pb_section][et_pb_section fb_built=&#8221;1&#8243; _builder_version=&#8221;4.20.4&#8243; _module_preset=&#8221;default&#8221; global_colors_info=&#8221;{}&#8221;][et_pb_row _builder_version=&#8221;4.20.4&#8243; _module_preset=&#8221;default&#8221; global_colors_info=&#8221;{}&#8221;][et_pb_column type=&#8221;4_4&#8243; _builder_version=&#8221;4.20.4&#8243; _module_preset=&#8221;default&#8221; global_colors_info=&#8221;{}&#8221;][et_pb_text _builder_version=&#8221;4.20.4&#8243; _module_preset=&#8221;default&#8221; global_colors_info=&#8221;{}&#8221;]<\/p>\n<p style=\"text-align: center;\">Nous accueillons favorablement les demandes de renseignements des distributeurs, concessionnaires et acheteurs professionnels de machines agricoles du monde entier.<br \/>Que vous recherchiez des informations sur les produits, les prix, la personnalisation ou une coop\u00e9ration \u00e0 long terme, notre \u00e9quipe est pr\u00eate \u00e0 vous accompagner.<\/p>\n<p style=\"text-align: center;\">Pour une assistance plus rapide, veuillez inclure dans votre message votre march\u00e9 cible, le type de produit et la quantit\u00e9 estim\u00e9e de votre commande.<\/p>\n<p>[\/et_pb_text][\/et_pb_column][\/et_pb_row][\/et_pb_section][et_pb_section fb_built=&#8221;1&#8243; _builder_version=&#8221;4.20.4&#8243; _module_preset=&#8221;default&#8221; custom_margin=&#8221;-45px||||false|false&#8221; global_colors_info=&#8221;{}&#8221;][et_pb_row column_structure=&#8221;1_2,1_2&#8243; _builder_version=&#8221;4.20.4&#8243; _module_preset=&#8221;default&#8221; global_colors_info=&#8221;{}&#8221;][et_pb_column type=&#8221;1_2&#8243; _builder_version=&#8221;4.20.4&#8243; _module_preset=&#8221;default&#8221; global_colors_info=&#8221;{}&#8221;][et_pb_text _builder_version=&#8221;4.20.4&#8243; _module_preset=&#8221;default&#8221; header_2_font=&#8221;|700|||||||&#8221; header_2_font_size=&#8221;40px&#8221; hover_enabled=&#8221;0&#8243; global_colors_info=&#8221;{}&#8221; sticky_enabled=&#8221;0&#8243;]<\/p>\n<h2>Adresse de l'entreprise<\/h2>\n<p>Adresse du bureau\u00a0: Nouvelle-Galles du Sud \u2013 Sydney, 11 Harley Crescent, Condell Park, NSW 2200<br \/>Australie<\/p>\n<p data-start=\"1297\" data-end=\"1319\">[\/et_pb_text][et_pb_code _builder_version=&#8221;4.20.4&#8243; _module_preset=&#8221;default&#8221; global_colors_info=&#8221;{}&#8221;]<iframe src=\"https:\/\/www.google.com\/maps\/embed?pb=!1m18!1m12!1m3!1d3310.6934290293484!2d150.99589767544035!3d-33.92328902188269!2m3!1f0!2f0!3f0!3m2!1i1024!2i768!4f13.1!3m3!1m2!1s0x6b12be7dc5d816b3%3A0x9f5d186586b7505f!2s11%20Harley%20Cres%2C%20Condell%20Park%20NSW%202200%2C%20Australia!5e0!3m2!1sen!2sus!4v1769994510752!5m2!1sen!2sus\" width=\"600\" height=\"450\" style=\"border:0;\" allowfullscreen=\"\" loading=\"lazy\" referrerpolicy=\"no-referrer-when-downgrade\"><\/iframe>[\/et_pb_code][\/et_pb_column][et_pb_column type=&#8221;1_2&#8243; _builder_version=&#8221;4.20.4&#8243; _module_preset=&#8221;default&#8221; global_colors_info=&#8221;{}&#8221;][et_pb_text _builder_version=&#8221;4.20.4&#8243; _module_preset=&#8221;default&#8221; header_2_font=&#8221;|700|||||||&#8221; header_2_font_size=&#8221;40px&#8221; hover_enabled=&#8221;0&#8243; global_colors_info=&#8221;{}&#8221; sticky_enabled=&#8221;0&#8243;]<\/p>\n<h2>Contactez-nous<\/h2>\n<p>Vous recherchez des solutions fiables en mati\u00e8re de machines pour le foin et le fourrage ?<br \/>Contactez notre \u00e9quipe et laissez-nous vous aider \u00e0 trouver l'\u00e9quipement adapt\u00e9 \u00e0 votre march\u00e9.<\/p>\n<p>[\/et_pb_text][et_pb_code module_id=&#8221;contacts&#8221; _builder_version=&#8221;4.20.4&#8243; _module_preset=&#8221;default&#8221; custom_margin=&#8221;2px||||false|false&#8221; global_colors_info=&#8221;{}&#8221;]<div class='fluentform ff-default fluentform_wrapper_3 ffs_default_wrap'><form data-form_id=\"3\" id=\"fluentform_3\" class=\"frm-fluent-form fluent_form_3 ff-el-form-top ff_form_instance_3_1 ff-form-loading ffs_default\" data-form_instance=\"ff_form_instance_3_1\" method=\"POST\" action=\"\" ><fieldset  style=\"border: none!important;margin: 0!important;padding: 0!important;background-color: transparent!important;box-shadow: none!important;outline: none!important; min-inline-size: 100%;\">\n                    <legend class=\"ff_screen_reader_title\" style=\"display: block; margin: 0!important;padding: 0!important;height: 0!important;text-indent: -999999px;width: 0!important;overflow:hidden;\">Contact<\/legend><input type='hidden' name='__fluent_form_embded_post_id' value='103' \/><input type=\"hidden\" id=\"_fluentform_3_fluentformnonce\" name=\"_fluentform_3_fluentformnonce\" value=\"3ddde07136\" \/><input type=\"hidden\" name=\"_wp_http_referer\" value=\"\/fr\/wp-json\/wp\/v2\/pages\/103\" \/><div class='ff-el-group'><div class=\"ff-el-input--label ff-el-is-required asterisk-right\"><label for='ff_3_name' id='label_ff_3_name' >Nom<\/label><\/div><div class='ff-el-input--content'><input type=\"text\" name=\"name\" class=\"ff-el-form-control\" id=\"ff_3_name\" data-name=\"name\"  aria-invalid=\"false\" aria-required=\"true\"><\/div><\/div><div class='ff-el-group'><div class=\"ff-el-input--label ff-el-is-required asterisk-right\"><label for='ff_3_email' id='label_ff_3_email' aria-label=\"E-mail\">E-mail<\/label><\/div><div class='ff-el-input--content'><input type=\"email\" name=\"email\" class=\"ff-el-form-control\" id=\"ff_3_email\" data-name=\"email\"  aria-invalid=\"false\" aria-required=\"true\"><\/div><\/div><div class='ff-el-group'><div class=\"ff-el-input--label ff-el-is-required asterisk-right\"><label for='ff_3_business_organization_1652772713219' id='label_ff_3_business_organization_1652772713219' aria-label=\"Entreprise \/ Organisation\">Entreprise \/ Organisation<\/label><\/div><div class='ff-el-input--content'><input type=\"text\" name=\"business_organization_1652772713219\" class=\"ff-el-form-control\" id=\"ff_3_business_organization_1652772713219\" data-name=\"business_organization_1652772713219\"  aria-invalid=\"false\" aria-required=\"true\"><\/div><\/div><div class='ff-el-group'><div class=\"ff-el-input--label ff-el-is-required asterisk-right\"><label for='ff_3_message' id='label_ff_3_message' aria-label=\"Message\">Message<\/label><\/div><div class='ff-el-input--content'><textarea aria-required=\"true\" aria-labelledby=\"label_ff_3_message\" name=\"message\" class=\"ff-el-form-control\" id=\"ff_3_message\" cols=\"2\" data-name=\"message\" ><\/textarea><\/div><\/div><div class='ff-el-group ff-text-left ff_submit_btn_wrapper'><button type=\"submit\" class=\"ff-btn ff-btn-submit ff-btn-md ff_btn_style\"  aria-label=\"Soumettre\">Soumettre<\/button><\/div><\/fieldset><input type=\"hidden\" name=\"trp-form-language\" value=\"fr\"\/><\/form><div id='fluentform_3_errors' class='ff-errors-in-stack ff_form_instance_3_1 ff-form-loading_errors ff_form_instance_3_1_errors'><\/div><\/div>            <script type=\"text\/javascript\">\n                window.fluent_form_ff_form_instance_3_1 = {\"id\":\"3\",\"settings\":{\"layout\":{\"labelPlacement\":\"top\",\"asteriskPlacement\":\"asterisk-right\",\"helpMessagePlacement\":\"with_label\",\"errorMessagePlacement\":\"inline\",\"cssClassName\":\"\"},\"restrictions\":{\"denyEmptySubmission\":{\"enabled\":false}}},\"form_instance\":\"ff_form_instance_3_1\",\"form_id_selector\":\"fluentform_3\",\"rules\":{\"name\":{\"required\":{\"value\":true,\"message\":\"This field is required\"}},\"email\":{\"required\":{\"value\":true,\"message\":\"This field is required\"},\"email\":{\"value\":1,\"message\":\"This field must contain a valid email\"}},\"business_organization_1652772713219\":{\"required\":{\"value\":true,\"message\":\"This field is required\"}},\"message\":{\"required\":{\"value\":true,\"message\":\"This field is required\"}}},\"debounce_time\":300};\n                            <\/script>\n            [\/et_pb_code][\/et_pb_column][\/et_pb_row][et_pb_row _builder_version=&#8221;4.20.4&#8243; _module_preset=&#8221;default&#8221; global_colors_info=&#8221;{}&#8221;][et_pb_column type=&#8221;4_4&#8243; _builder_version=&#8221;4.20.4&#8243; _module_preset=&#8221;default&#8221; global_colors_info=&#8221;{}&#8221;][et_pb_text _builder_version=&#8221;4.20.4&#8243; _module_preset=&#8221;default&#8221; header_2_font_size=&#8221;40px&#8221; custom_margin=&#8221;63px||||false|false&#8221; global_colors_info=&#8221;{}&#8221;]<\/p>\n<h2 style=\"text-align: center;\"><strong>FAQ g\u00e9n\u00e9rales<\/strong><\/h2>\n<p>[\/et_pb_text][et_pb_text _builder_version=&#8221;4.20.4&#8243; _module_preset=&#8221;default&#8221; global_colors_info=&#8221;{}&#8221;]<\/p>\n<h5 data-start=\"331\" data-end=\"406\"><\/h5>\n<h5 data-start=\"331\" data-end=\"406\"><strong data-start=\"335\" data-end=\"406\">Q1 : Proposez-vous la livraison internationale de machines agricoles ?<\/strong><\/h5>\n<p data-start=\"407\" data-end=\"658\"><strong data-start=\"407\" data-end=\"413\">UN:<\/strong>Oui. Nous organisons l'exp\u00e9dition \u00e0 l'export pour nos clients du monde entier. Selon la quantit\u00e9 command\u00e9e et la destination, les machines peuvent \u00eatre exp\u00e9di\u00e9es par voie maritime en conteneurs ou en vrac. Notre \u00e9quipe vous accompagne pour l'emballage, le chargement et les documents d'exportation.<\/p>\n<hr data-start=\"986\" data-end=\"989\" \/>\n<h5 data-start=\"665\" data-end=\"742\"><strong data-start=\"669\" data-end=\"742\">Q2\u00a0: Vos presses \u00e0 balles de foin peuvent-elles \u00eatre personnalis\u00e9es pour diff\u00e9rents march\u00e9s\u00a0?<\/strong><\/h5>\n<p data-start=\"743\" data-end=\"984\"><strong data-start=\"743\" data-end=\"749\">UN:<\/strong>Oui. Nous proposons des options de personnalisation pour les presses \u00e0 balles et les \u00e9quipements connexes, notamment en termes de sp\u00e9cifications, de configurations et d'exigences du march\u00e9. Des services de personnalisation OEM et en grande quantit\u00e9 sont disponibles pour les distributeurs et les acheteurs professionnels.<\/p>\n<hr data-start=\"986\" data-end=\"989\" \/>\n<h5 data-start=\"991\" data-end=\"1061\"><strong data-start=\"995\" data-end=\"1061\">Q3 : Quel est le d\u00e9lai de production et de livraison habituel ?<\/strong><\/h5>\n<p data-start=\"1062\" data-end=\"1317\"><strong data-start=\"1062\" data-end=\"1068\">UN:<\/strong>Le d\u00e9lai de livraison d\u00e9pend du mod\u00e8le d'\u00e9quipement et du volume de la commande. Les mod\u00e8les standard n\u00e9cessitent g\u00e9n\u00e9ralement un cycle de production plus court, tandis que les commandes personnalis\u00e9es peuvent prendre plus de temps. Notre \u00e9quipe commerciale vous confirmera le d\u00e9lai estim\u00e9 avant la confirmation de votre commande.<\/p>\n<hr data-start=\"986\" data-end=\"989\" \/>\n<h5 data-start=\"1352\" data-end=\"1411\"><strong data-start=\"1356\" data-end=\"1411\">Q4 : Quelles normes de qualit\u00e9 vos machines respectent-elles ?<\/strong><\/h5>\n<p data-start=\"1412\" data-end=\"1657\"><strong data-start=\"1412\" data-end=\"1418\">UN:<\/strong>Nos machines agricoles sont con\u00e7ues pour durer, offrir des performances stables et faciliter l'entretien. Chaque machine est inspect\u00e9e avant exp\u00e9dition afin de garantir sa conformit\u00e9 aux exigences op\u00e9rationnelles et d'exportation des march\u00e9s internationaux.<\/p>\n<hr data-start=\"1659\" data-end=\"1662\" \/>\n<h5 data-start=\"1664\" data-end=\"1724\"><strong data-start=\"1668\" data-end=\"1724\">Q5 : Fournissez-vous une assistance technique apr\u00e8s l'achat ?<\/strong><\/h5>\n<p data-start=\"1725\" data-end=\"1924\"><strong data-start=\"1725\" data-end=\"1731\">UN:<\/strong>Oui. Nous offrons une assistance technique 24 h\/24 et 7 j\/7 \u00e0 nos clients internationaux. Cette assistance comprend des conseils d'utilisation, de maintenance et de d\u00e9pannage afin de garantir la performance \u00e0 long terme des \u00e9quipements.<\/p>\n<p data-start=\"1062\" data-end=\"1317\">[\/et_pb_text][\/et_pb_column][\/et_pb_row][\/et_pb_section]<\/p>","protected":false},"excerpt":{"rendered":"<p>Contact UsWe welcome inquiries from agricultural machinery distributors, dealers, and professional buyers worldwide.Whether you are looking for product details, pricing, customization, or long-term cooperation, our team is ready to support you. For faster assistance, please include your target market, product type, and estimated order quantity in your message.Company Adress ? Office Location:New South Wales \u2013 [&hellip;]<\/p>","protected":false},"author":1,"featured_media":0,"parent":0,"menu_order":0,"comment_status":"closed","ping_status":"closed","template":"","meta":{"_et_pb_use_builder":"on","_et_pb_old_content":"","_et_gb_content_width":"","footnotes":""},"class_list":["post-103","page","type-page","status-publish","hentry"],"_links":{"self":[{"href":"https:\/\/baler-hay.com\/fr\/wp-json\/wp\/v2\/pages\/103","targetHints":{"allow":["GET"]}}],"collection":[{"href":"https:\/\/baler-hay.com\/fr\/wp-json\/wp\/v2\/pages"}],"about":[{"href":"https:\/\/baler-hay.com\/fr\/wp-json\/wp\/v2\/types\/page"}],"author":[{"embeddable":true,"href":"https:\/\/baler-hay.com\/fr\/wp-json\/wp\/v2\/users\/1"}],"replies":[{"embeddable":true,"href":"https:\/\/baler-hay.com\/fr\/wp-json\/wp\/v2\/comments?post=103"}],"version-history":[{"count":8,"href":"https:\/\/baler-hay.com\/fr\/wp-json\/wp\/v2\/pages\/103\/revisions"}],"predecessor-version":[{"id":129,"href":"https:\/\/baler-hay.com\/fr\/wp-json\/wp\/v2\/pages\/103\/revisions\/129"}],"wp:attachment":[{"href":"https:\/\/baler-hay.com\/fr\/wp-json\/wp\/v2\/media?parent=103"}],"curies":[{"name":"wp","href":"https:\/\/api.w.org\/{rel}","templated":true}]}}