{"id":132,"date":"2026-02-02T03:40:34","date_gmt":"2026-02-02T03:40:34","guid":{"rendered":"https:\/\/baler-hay.com\/?page_id=132"},"modified":"2026-02-02T05:18:20","modified_gmt":"2026-02-02T05:18:20","slug":"a-propos-de-nous","status":"publish","type":"page","link":"https:\/\/baler-hay.com\/fr\/a-propos-de-nous\/","title":{"rendered":"\u00c0 propos de nous"},"content":{"rendered":"<p>[et_pb_section fb_built=&#8221;1&#8243; _builder_version=&#8221;4.20.4&#8243; _module_preset=&#8221;default&#8221; background_color=&#8221;#bfc7c2&#8243; global_colors_info=&#8221;{}&#8221;][et_pb_row column_structure=&#8221;3_4,1_4&#8243; _builder_version=&#8221;4.20.4&#8243; _module_preset=&#8221;default&#8221; global_colors_info=&#8221;{}&#8221;][et_pb_column type=&#8221;3_4&#8243; _builder_version=&#8221;4.20.4&#8243; _module_preset=&#8221;default&#8221; global_colors_info=&#8221;{}&#8221;][et_pb_text _builder_version=&#8221;4.20.4&#8243; _module_preset=&#8221;default&#8221; header_font_size=&#8221;45px&#8221; global_colors_info=&#8221;{}&#8221;]<\/p>\n<h1><strong>\u00c0 propos de nous - <\/strong><strong>Machines agricoles <\/strong><\/h1>\n<h1><strong>pour les solutions de foin et de fourrage<\/strong><\/h1>\n<p>[\/et_pb_text][\/et_pb_column][et_pb_column type=&#8221;1_4&#8243; _builder_version=&#8221;4.20.4&#8243; _module_preset=&#8221;default&#8221; global_colors_info=&#8221;{}&#8221;][et_pb_image src=&#8221;https:\/\/baler-hay.com\/wp-content\/uploads\/2026\/01\/\u6253\u6346\u673a\u4fa7\u9762\u56fe-1.webp&#8221; title_text=&#8221;\u6253\u6346\u673a\u4fa7\u9762\u56fe&#8221; _builder_version=&#8221;4.20.4&#8243; _module_preset=&#8221;default&#8221; transform_scale=&#8221;274%|274%&#8221; transform_translate=&#8221;4px|1px&#8221; global_colors_info=&#8221;{}&#8221;][\/et_pb_image][\/et_pb_column][\/et_pb_row][\/et_pb_section][et_pb_section fb_built=&#8221;1&#8243; _builder_version=&#8221;4.20.4&#8243; _module_preset=&#8221;default&#8221; global_colors_info=&#8221;{}&#8221;][et_pb_row column_structure=&#8221;3_5,2_5&#8243; _builder_version=&#8221;4.20.4&#8243; _module_preset=&#8221;default&#8221; global_colors_info=&#8221;{}&#8221;][et_pb_column type=&#8221;3_5&#8243; _builder_version=&#8221;4.20.4&#8243; _module_preset=&#8221;default&#8221; global_colors_info=&#8221;{}&#8221;][et_pb_text _builder_version=&#8221;4.20.4&#8243; _module_preset=&#8221;default&#8221; header_2_font=&#8221;|700|||||||&#8221; header_2_font_size=&#8221;35px&#8221; global_colors_info=&#8221;{}&#8221;]<\/p>\n<h2 data-start=\"3703\" data-end=\"3717\">Qui sommes-nous ?<\/h2>\n<p data-start=\"113\" data-end=\"411\">Nous sommes sp\u00e9cialis\u00e9s dans le d\u00e9veloppement et la fabrication de machines agricoles, forts de solides capacit\u00e9s de recherche et d\u00e9veloppement et de pr\u00e8s d'une centaine de brevets technologiques. La conception assist\u00e9e par ordinateur et des syst\u00e8mes de test ind\u00e9pendants sont mis en \u0153uvre tout au long de notre processus de d\u00e9veloppement produit afin de garantir des performances fiables.<\/p>\n<p data-start=\"413\" data-end=\"781\">Nos installations exploitent des lignes de production d\u00e9di\u00e9es aux presses \u00e0 balles rondes et aux faucheuses, d'une capacit\u00e9 annuelle d'environ 2\u00a0000 unit\u00e9s chacune, gr\u00e2ce \u00e0 des \u00e9quipements de pointe tels que la d\u00e9coupe laser CNC, le soudage automatis\u00e9 et les syst\u00e8mes de rev\u00eatement \u00e9lectrostatique. B\u00e9n\u00e9ficiant de droits d'importation et d'exportation ind\u00e9pendants, nos produits sont distribu\u00e9s sur les march\u00e9s internationaux, notamment en Mongolie et en Russie.<\/p>\n<p data-start=\"783\" data-end=\"1183\">Leader des ventes de presses \u00e0 balles rondes en Chine durant l'exercice 2023-2024 et occupant une position de leader sur le march\u00e9 depuis quatre ann\u00e9es cons\u00e9cutives, nous poursuivons notre expansion internationale gr\u00e2ce \u00e0 une participation active aux salons internationaux. Anim\u00e9s par une approche centr\u00e9e sur le client et des m\u00e9thodes de production optimis\u00e9es, nous nous engageons \u00e0 fournir des solutions de machines agricoles performantes et \u00e9conomiques \u00e0 l'\u00e9chelle mondiale.<\/p>\n<p>[\/et_pb_text][\/et_pb_column][et_pb_column type=&#8221;2_5&#8243; _builder_version=&#8221;4.20.4&#8243; _module_preset=&#8221;default&#8221; global_colors_info=&#8221;{}&#8221;][et_pb_image src=&#8221;https:\/\/baler-hay.com\/wp-content\/uploads\/2026\/02\/\u53bb\u9664\u56fe\u7247\u7279\u5b9a\u90e8\u5206.webp&#8221; title_text=&#8221;\u53bb\u9664\u56fe\u7247\u7279\u5b9a\u90e8\u5206&#8221; _builder_version=&#8221;4.20.4&#8243; _module_preset=&#8221;default&#8221; transform_scale=&#8221;114%|114%&#8221; transform_translate=&#8221;8px|75px&#8221; global_colors_info=&#8221;{}&#8221;][\/et_pb_image][\/et_pb_column][\/et_pb_row][\/et_pb_section][et_pb_section fb_built=&#8221;1&#8243; _builder_version=&#8221;4.20.4&#8243; _module_preset=&#8221;default&#8221; global_colors_info=&#8221;{}&#8221;][et_pb_row column_structure=&#8221;1_3,2_3&#8243; _builder_version=&#8221;4.20.4&#8243; _module_preset=&#8221;default&#8221; global_colors_info=&#8221;{}&#8221;][et_pb_column type=&#8221;1_3&#8243; _builder_version=&#8221;4.20.4&#8243; _module_preset=&#8221;default&#8221; global_colors_info=&#8221;{}&#8221;][et_pb_image src=&#8221;https:\/\/baler-hay.com\/wp-content\/uploads\/2026\/02\/\u5ba2\u6237\u6848\u4f8b3.webp&#8221; title_text=&#8221;Customer collaboration&#8221; _builder_version=&#8221;4.20.4&#8243; _module_preset=&#8221;default&#8221; transform_scale=&#8221;132%|132%&#8221; transform_translate=&#8221;0px|30px&#8221; global_colors_info=&#8221;{}&#8221;][\/et_pb_image][\/et_pb_column][et_pb_column type=&#8221;2_3&#8243; _builder_version=&#8221;4.20.4&#8243; _module_preset=&#8221;default&#8221; global_colors_info=&#8221;{}&#8221;][et_pb_text _builder_version=&#8221;4.20.4&#8243; _module_preset=&#8221;default&#8221; header_2_font=&#8221;|700|||||||&#8221; header_2_font_size=&#8221;35px&#8221; custom_margin=&#8221;|||28px|false|false&#8221; global_colors_info=&#8221;{}&#8221;]<\/p>\n<h2>Ce que nous faisons<\/h2>\n<p>Nous proposons une gamme compl\u00e8te de machines agricoles, comprenant\u00a0:<\/p>\n<ul>\n<li>Faucheuses \u00e0 foin;<\/li>\n<li>R\u00e2teaux \u00e0 foin;<\/li>\n<li>presses \u00e0 balles rondes ;<\/li>\n<li>\u00c9l\u00e9vateurs de haricots;<\/li>\n<li>Remorques de ramassage et de transport de balles ;<\/li>\n<li>Broyeurs de fourrage et de paille ;<br \/>Ces machines sont con\u00e7ues pour am\u00e9liorer l'efficacit\u00e9, r\u00e9duire les co\u00fbts de main-d'\u0153uvre et assurer la stabilit\u00e9 des exploitations agricoles.<\/li>\n<\/ul>\n<p>[\/et_pb_text][\/et_pb_column][\/et_pb_row][\/et_pb_section][et_pb_section fb_built=&#8221;1&#8243; _builder_version=&#8221;4.20.4&#8243; _module_preset=&#8221;default&#8221; background_color=&#8221;#e7e9e6&#8243; global_colors_info=&#8221;{}&#8221;][et_pb_row _builder_version=&#8221;4.20.4&#8243; _module_preset=&#8221;default&#8221; hover_enabled=&#8221;0&#8243; global_colors_info=&#8221;{}&#8221; sticky_enabled=&#8221;0&#8243;][et_pb_column type=&#8221;4_4&#8243; _builder_version=&#8221;4.20.4&#8243; _module_preset=&#8221;default&#8221; global_colors_info=&#8221;{}&#8221;][et_pb_text _builder_version=&#8221;4.20.4&#8243; _module_preset=&#8221;default&#8221; header_2_font=&#8221;|700|||||||&#8221; header_2_text_align=&#8221;center&#8221; header_2_font_size=&#8221;35px&#8221; global_colors_info=&#8221;{}&#8221;]<\/p>\n<h2>Coop\u00e9ration et soutien<\/h2>\n<p>[\/et_pb_text][et_pb_text _builder_version=&#8221;4.20.4&#8243; _module_preset=&#8221;default&#8221; hover_enabled=&#8221;0&#8243; global_colors_info=&#8221;{}&#8221; border_color_all=&#8221;#0C71C3&#8243; sticky_enabled=&#8221;0&#8243;]<\/p>\n<p style=\"text-align: center;\">Nous soutenons les mod\u00e8les de coop\u00e9ration flexibles\u00a0:<br \/>Projets OEM\/ODM, marques priv\u00e9es, approvisionnement en gros pour les revendeurs, partenariats de distribution \u00e0 long terme.<\/p>\n<p style=\"text-align: center;\">Notre \u00e9quipe assure une communication professionnelle, un soutien technique et une coordination des commandes tout au long du processus de coop\u00e9ration.<\/p>\n<p>[\/et_pb_text][\/et_pb_column][\/et_pb_row][\/et_pb_section][et_pb_section fb_built=&#8221;1&#8243; _builder_version=&#8221;4.20.4&#8243; _module_preset=&#8221;default&#8221; global_colors_info=&#8221;{}&#8221;][et_pb_row _builder_version=&#8221;4.20.4&#8243; _module_preset=&#8221;default&#8221; global_colors_info=&#8221;{}&#8221;][et_pb_column type=&#8221;4_4&#8243; _builder_version=&#8221;4.20.4&#8243; _module_preset=&#8221;default&#8221; global_colors_info=&#8221;{}&#8221;][et_pb_text _builder_version=&#8221;4.20.4&#8243; _module_preset=&#8221;default&#8221; header_2_font=&#8221;|700|||||||&#8221; header_2_text_align=&#8221;center&#8221; header_2_font_size=&#8221;35px&#8221; custom_padding=&#8221;4px|||||&#8221; global_colors_info=&#8221;{}&#8221;]<\/p>\n<h2>Savoir-faire<\/h2>\n<p style=\"text-align: center;\">\u00c9quipements et ouvriers de l'usine actuellement au travail.<\/p>\n<p>[\/et_pb_text][\/et_pb_column][\/et_pb_row][et_pb_row column_structure=&#8221;1_2,1_2&#8243; _builder_version=&#8221;4.20.4&#8243; _module_preset=&#8221;default&#8221; global_colors_info=&#8221;{}&#8221;][et_pb_column type=&#8221;1_2&#8243; _builder_version=&#8221;4.20.4&#8243; _module_preset=&#8221;default&#8221; global_colors_info=&#8221;{}&#8221;][et_pb_image src=&#8221;https:\/\/baler-hay.com\/wp-content\/uploads\/2026\/02\/\u5de5\u5320\u7cbe\u795e.webp&#8221; title_text=&#8221;\u5de5\u5320\u7cbe\u795e&#8221; _builder_version=&#8221;4.20.4&#8243; _module_preset=&#8221;default&#8221; global_colors_info=&#8221;{}&#8221;][\/et_pb_image][\/et_pb_column][et_pb_column type=&#8221;1_2&#8243; _builder_version=&#8221;4.20.4&#8243; _module_preset=&#8221;default&#8221; global_colors_info=&#8221;{}&#8221;][et_pb_image src=&#8221;https:\/\/baler-hay.com\/wp-content\/uploads\/2026\/02\/\u5de5\u4eba\u7167\u7247.webp&#8221; title_text=&#8221;\u5de5\u4eba\u7167\u7247&#8221; _builder_version=&#8221;4.20.4&#8243; _module_preset=&#8221;default&#8221; global_colors_info=&#8221;{}&#8221;][\/et_pb_image][\/et_pb_column][\/et_pb_row][et_pb_row column_structure=&#8221;1_2,1_2&#8243; _builder_version=&#8221;4.20.4&#8243; _module_preset=&#8221;default&#8221; global_colors_info=&#8221;{}&#8221;][et_pb_column type=&#8221;1_2&#8243; _builder_version=&#8221;4.20.4&#8243; _module_preset=&#8221;default&#8221; global_colors_info=&#8221;{}&#8221;][et_pb_image src=&#8221;https:\/\/baler-hay.com\/wp-content\/uploads\/2026\/02\/\u5de5\u5320\u7cbe\u795e2.webp&#8221; title_text=&#8221;\u5de5\u5320\u7cbe\u795e2&#8243; _builder_version=&#8221;4.20.4&#8243; _module_preset=&#8221;default&#8221; global_colors_info=&#8221;{}&#8221;][\/et_pb_image][\/et_pb_column][et_pb_column type=&#8221;1_2&#8243; _builder_version=&#8221;4.20.4&#8243; _module_preset=&#8221;default&#8221; global_colors_info=&#8221;{}&#8221;][et_pb_image src=&#8221;https:\/\/baler-hay.com\/wp-content\/uploads\/2026\/02\/\u5de5\u5320\u7cbe\u795e3.webp&#8221; title_text=&#8221;\u5de5\u5320\u7cbe\u795e3&#8243; _builder_version=&#8221;4.20.4&#8243; _module_preset=&#8221;default&#8221; global_colors_info=&#8221;{}&#8221;][\/et_pb_image][\/et_pb_column][\/et_pb_row][\/et_pb_section][et_pb_section fb_built=&#8221;1&#8243; _builder_version=&#8221;4.20.4&#8243; _module_preset=&#8221;default&#8221; global_colors_info=&#8221;{}&#8221;][et_pb_row _builder_version=&#8221;4.20.4&#8243; _module_preset=&#8221;default&#8221; global_colors_info=&#8221;{}&#8221;][et_pb_column type=&#8221;4_4&#8243; _builder_version=&#8221;4.20.4&#8243; _module_preset=&#8221;default&#8221; global_colors_info=&#8221;{}&#8221;][et_pb_text _builder_version=&#8221;4.20.4&#8243; _module_preset=&#8221;default&#8221; header_2_font=&#8221;|700|||||||&#8221; header_2_text_align=&#8221;center&#8221; header_2_font_size=&#8221;35px&#8221; custom_padding=&#8221;4px|||||&#8221; global_colors_info=&#8221;{}&#8221;]<\/p>\n<h2>Certificat<\/h2>\n<p>[\/et_pb_text][\/et_pb_column][\/et_pb_row][et_pb_row _builder_version=&#8221;4.20.4&#8243; _module_preset=&#8221;default&#8221; global_colors_info=&#8221;{}&#8221;][et_pb_column type=&#8221;4_4&#8243; _builder_version=&#8221;4.20.4&#8243; _module_preset=&#8221;default&#8221; global_colors_info=&#8221;{}&#8221;][et_pb_image src=&#8221;https:\/\/baler-hay.com\/wp-content\/uploads\/2026\/02\/\u8bc1\u4e663.webp&#8221; title_text=&#8221;\u8bc1\u4e663&#8243; _builder_version=&#8221;4.20.4&#8243; _module_preset=&#8221;default&#8221; global_colors_info=&#8221;{}&#8221;][\/et_pb_image][\/et_pb_column][\/et_pb_row][\/et_pb_section][et_pb_section fb_built=&#8221;1&#8243; _builder_version=&#8221;4.20.4&#8243; _module_preset=&#8221;default&#8221; global_colors_info=&#8221;{}&#8221;][et_pb_row _builder_version=&#8221;4.20.4&#8243; _module_preset=&#8221;default&#8221; global_colors_info=&#8221;{}&#8221;][et_pb_column type=&#8221;4_4&#8243; _builder_version=&#8221;4.20.4&#8243; _module_preset=&#8221;default&#8221; global_colors_info=&#8221;{}&#8221;][et_pb_cta title=&#8221;Your Reliable Partner in Agricultural Machinery&#8221; button_text=&#8221;Click Here&#8221; _builder_version=&#8221;4.20.4&#8243; _module_preset=&#8221;default&#8221; header_font=&#8221;|700|||||||&#8221; header_text_color=&#8221;#FFFFFF&#8221; header_font_size=&#8221;30px&#8221; global_colors_info=&#8221;{}&#8221;]<\/p>\n<p data-start=\"5398\" data-end=\"5538\">Nous nous engageons \u00e0 b\u00e2tir des partenariats \u00e0 long terme en fournissant des machines fiables et un service professionnel \u00e0 nos clients du monde entier.<\/p>\n<p data-start=\"5540\" data-end=\"5610\">Contactez-nous pour discuter de vos besoins et des possibilit\u00e9s de coop\u00e9ration.<\/p>\n<p>[\/et_pb_cta][\/et_pb_column][\/et_pb_row][\/et_pb_section]<\/p>","protected":false},"excerpt":{"rendered":"<p>About Us \u2013 Agricultural Machinery for Hay &amp; Forage SolutionsWho We Are We specialize in the development and manufacturing of agricultural machinery, supported by strong R&amp;D capabilities and nearly one hundred technology patents. Computer-aided design and independent testing systems are applied throughout our product development process to ensure reliable performance. Our facilities operate dedicated production [&hellip;]<\/p>","protected":false},"author":1,"featured_media":0,"parent":0,"menu_order":0,"comment_status":"closed","ping_status":"closed","template":"","meta":{"_et_pb_use_builder":"on","_et_pb_old_content":"","_et_gb_content_width":"","footnotes":""},"class_list":["post-132","page","type-page","status-publish","hentry"],"_links":{"self":[{"href":"https:\/\/baler-hay.com\/fr\/wp-json\/wp\/v2\/pages\/132","targetHints":{"allow":["GET"]}}],"collection":[{"href":"https:\/\/baler-hay.com\/fr\/wp-json\/wp\/v2\/pages"}],"about":[{"href":"https:\/\/baler-hay.com\/fr\/wp-json\/wp\/v2\/types\/page"}],"author":[{"embeddable":true,"href":"https:\/\/baler-hay.com\/fr\/wp-json\/wp\/v2\/users\/1"}],"replies":[{"embeddable":true,"href":"https:\/\/baler-hay.com\/fr\/wp-json\/wp\/v2\/comments?post=132"}],"version-history":[{"count":9,"href":"https:\/\/baler-hay.com\/fr\/wp-json\/wp\/v2\/pages\/132\/revisions"}],"predecessor-version":[{"id":157,"href":"https:\/\/baler-hay.com\/fr\/wp-json\/wp\/v2\/pages\/132\/revisions\/157"}],"wp:attachment":[{"href":"https:\/\/baler-hay.com\/fr\/wp-json\/wp\/v2\/media?parent=132"}],"curies":[{"name":"wp","href":"https:\/\/api.w.org\/{rel}","templated":true}]}}