{"id":103,"date":"2026-02-02T01:21:08","date_gmt":"2026-02-02T01:21:08","guid":{"rendered":"https:\/\/baler-hay.com\/?page_id=103"},"modified":"2026-02-02T03:11:09","modified_gmt":"2026-02-02T03:11:09","slug":"kontaktuje-sie-z-nami","status":"publish","type":"page","link":"https:\/\/baler-hay.com\/pl\/kontaktuje-sie-z-nami\/","title":{"rendered":"Skontaktuj si\u0119 z nami"},"content":{"rendered":"<p>[et_pb_section fb_built=&#8221;1&#8243; _builder_version=&#8221;4.20.4&#8243; _module_preset=&#8221;default&#8221; background_color=&#8221;#0C71C3&#8243; global_colors_info=&#8221;{}&#8221;][et_pb_row _builder_version=&#8221;4.20.4&#8243; _module_preset=&#8221;default&#8221; global_colors_info=&#8221;{}&#8221;][et_pb_column type=&#8221;4_4&#8243; _builder_version=&#8221;4.20.4&#8243; _module_preset=&#8221;default&#8221; global_colors_info=&#8221;{}&#8221;][et_pb_text _builder_version=&#8221;4.20.4&#8243; _module_preset=&#8221;default&#8221; text_font=&#8221;|700|||||||&#8221; text_font_size=&#8221;40px&#8221; header_font=&#8221;|700|||||||&#8221; header_font_size=&#8221;50px&#8221; global_colors_info=&#8221;{}&#8221;]<\/p>\n<h1 style=\"text-align: center;\">Skontaktuj si\u0119 z nami<\/h1>\n<p>[\/et_pb_text][\/et_pb_column][\/et_pb_row][\/et_pb_section][et_pb_section fb_built=&#8221;1&#8243; _builder_version=&#8221;4.20.4&#8243; _module_preset=&#8221;default&#8221; global_colors_info=&#8221;{}&#8221;][et_pb_row _builder_version=&#8221;4.20.4&#8243; _module_preset=&#8221;default&#8221; global_colors_info=&#8221;{}&#8221;][et_pb_column type=&#8221;4_4&#8243; _builder_version=&#8221;4.20.4&#8243; _module_preset=&#8221;default&#8221; global_colors_info=&#8221;{}&#8221;][et_pb_text _builder_version=&#8221;4.20.4&#8243; _module_preset=&#8221;default&#8221; global_colors_info=&#8221;{}&#8221;]<\/p>\n<p style=\"text-align: center;\">Zapraszamy do kontaktu dystrybutor\u00f3w i dealer\u00f3w maszyn rolniczych oraz profesjonalnych nabywc\u00f3w z ca\u0142ego \u015bwiata.<br \/>Niezale\u017cnie od tego, czy interesuj\u0105 Ci\u0119 szczeg\u00f3\u0142y produktu, ceny, personalizacja czy d\u0142ugoterminowa wsp\u00f3\u0142praca, nasz zesp\u00f3\u0142 jest gotowy Ci\u0119 wesprze\u0107.<\/p>\n<p style=\"text-align: center;\">Aby uzyska\u0107 szybsz\u0105 pomoc, prosimy o podanie w wiadomo\u015bci docelowego rynku, rodzaju produktu i szacowanej wielko\u015bci zam\u00f3wienia.<\/p>\n<p>[\/et_pb_text][\/et_pb_column][\/et_pb_row][\/et_pb_section][et_pb_section fb_built=&#8221;1&#8243; _builder_version=&#8221;4.20.4&#8243; _module_preset=&#8221;default&#8221; custom_margin=&#8221;-45px||||false|false&#8221; global_colors_info=&#8221;{}&#8221;][et_pb_row column_structure=&#8221;1_2,1_2&#8243; _builder_version=&#8221;4.20.4&#8243; _module_preset=&#8221;default&#8221; global_colors_info=&#8221;{}&#8221;][et_pb_column type=&#8221;1_2&#8243; _builder_version=&#8221;4.20.4&#8243; _module_preset=&#8221;default&#8221; global_colors_info=&#8221;{}&#8221;][et_pb_text _builder_version=&#8221;4.20.4&#8243; _module_preset=&#8221;default&#8221; header_2_font=&#8221;|700|||||||&#8221; header_2_font_size=&#8221;40px&#8221; hover_enabled=&#8221;0&#8243; global_colors_info=&#8221;{}&#8221; sticky_enabled=&#8221;0&#8243;]<\/p>\n<h2>Adres firmy<\/h2>\n<p>Lokalizacja biura: Nowa Po\u0142udniowa Walia \u2013 Sydney 11 Harley Crescent, Condell Park NSW 2200<br \/>Australia<\/p>\n<p data-start=\"1297\" data-end=\"1319\">[\/et_pb_text][et_pb_code _builder_version=&#8221;4.20.4&#8243; _module_preset=&#8221;default&#8221; global_colors_info=&#8221;{}&#8221;]<iframe src=\"https:\/\/www.google.com\/maps\/embed?pb=!1m18!1m12!1m3!1d3310.6934290293484!2d150.99589767544035!3d-33.92328902188269!2m3!1f0!2f0!3f0!3m2!1i1024!2i768!4f13.1!3m3!1m2!1s0x6b12be7dc5d816b3%3A0x9f5d186586b7505f!2s11%20Harley%20Cres%2C%20Condell%20Park%20NSW%202200%2C%20Australia!5e0!3m2!1sen!2sus!4v1769994510752!5m2!1sen!2sus\" width=\"600\" height=\"450\" style=\"border:0;\" allowfullscreen=\"\" loading=\"lazy\" referrerpolicy=\"no-referrer-when-downgrade\"><\/iframe>[\/et_pb_code][\/et_pb_column][et_pb_column type=&#8221;1_2&#8243; _builder_version=&#8221;4.20.4&#8243; _module_preset=&#8221;default&#8221; global_colors_info=&#8221;{}&#8221;][et_pb_text _builder_version=&#8221;4.20.4&#8243; _module_preset=&#8221;default&#8221; header_2_font=&#8221;|700|||||||&#8221; header_2_font_size=&#8221;40px&#8221; hover_enabled=&#8221;0&#8243; global_colors_info=&#8221;{}&#8221; sticky_enabled=&#8221;0&#8243;]<\/p>\n<h2>Skontaktuj si\u0119 z nami<\/h2>\n<p>Szukasz niezawodnych rozwi\u0105za\u0144 w zakresie maszyn do zbioru siana i paszy?<br \/>Skontaktuj si\u0119 z naszym zespo\u0142em, a pomo\u017cemy Ci znale\u017a\u0107 odpowiedni sprz\u0119t dla Twojego rynku.<\/p>\n<p>[\/et_pb_text][et_pb_code module_id=&#8221;contacts&#8221; _builder_version=&#8221;4.20.4&#8243; _module_preset=&#8221;default&#8221; custom_margin=&#8221;2px||||false|false&#8221; global_colors_info=&#8221;{}&#8221;]<div class='fluentform ff-default fluentform_wrapper_3 ffs_default_wrap'><form data-form_id=\"3\" id=\"fluentform_3\" class=\"frm-fluent-form fluent_form_3 ff-el-form-top ff_form_instance_3_1 ff-form-loading ffs_default\" data-form_instance=\"ff_form_instance_3_1\" method=\"POST\" action=\"\" ><fieldset  style=\"border: none!important;margin: 0!important;padding: 0!important;background-color: transparent!important;box-shadow: none!important;outline: none!important; min-inline-size: 100%;\">\n                    <legend class=\"ff_screen_reader_title\" style=\"display: block; margin: 0!important;padding: 0!important;height: 0!important;text-indent: -999999px;width: 0!important;overflow:hidden;\">Kontakt<\/legend><input type='hidden' name='__fluent_form_embded_post_id' value='103' \/><input type=\"hidden\" id=\"_fluentform_3_fluentformnonce\" name=\"_fluentform_3_fluentformnonce\" value=\"3ddde07136\" \/><input type=\"hidden\" name=\"_wp_http_referer\" value=\"\/pl\/wp-json\/wp\/v2\/pages\/103\" \/><div class='ff-el-group'><div class=\"ff-el-input--label ff-el-is-required asterisk-right\"><label for='ff_3_name' id='label_ff_3_name' >Nazwa<\/label><\/div><div class='ff-el-input--content'><input type=\"text\" name=\"name\" class=\"ff-el-form-control\" id=\"ff_3_name\" data-name=\"name\"  aria-invalid=\"false\" aria-required=\"true\"><\/div><\/div><div class='ff-el-group'><div class=\"ff-el-input--label ff-el-is-required asterisk-right\"><label for='ff_3_email' id='label_ff_3_email' aria-label=\"E-mail\">E-mail<\/label><\/div><div class='ff-el-input--content'><input type=\"email\" name=\"email\" class=\"ff-el-form-control\" id=\"ff_3_email\" data-name=\"email\"  aria-invalid=\"false\" aria-required=\"true\"><\/div><\/div><div class='ff-el-group'><div class=\"ff-el-input--label ff-el-is-required asterisk-right\"><label for='ff_3_business_organization_1652772713219' id='label_ff_3_business_organization_1652772713219' aria-label=\"Biznes \/ Organizacja\">Biznes \/ Organizacja<\/label><\/div><div class='ff-el-input--content'><input type=\"text\" name=\"business_organization_1652772713219\" class=\"ff-el-form-control\" id=\"ff_3_business_organization_1652772713219\" data-name=\"business_organization_1652772713219\"  aria-invalid=\"false\" aria-required=\"true\"><\/div><\/div><div class='ff-el-group'><div class=\"ff-el-input--label ff-el-is-required asterisk-right\"><label for='ff_3_message' id='label_ff_3_message' aria-label=\"Wiadomo\u015b\u0107\">Wiadomo\u015b\u0107<\/label><\/div><div class='ff-el-input--content'><textarea aria-required=\"true\" aria-labelledby=\"label_ff_3_message\" name=\"message\" class=\"ff-el-form-control\" id=\"ff_3_message\" cols=\"2\" data-name=\"message\" ><\/textarea><\/div><\/div><div class='ff-el-group ff-text-left ff_submit_btn_wrapper'><button type=\"submit\" class=\"ff-btn ff-btn-submit ff-btn-md ff_btn_style\"  aria-label=\"Sk\u0142ada\u0107\">Sk\u0142ada\u0107<\/button><\/div><\/fieldset><input type=\"hidden\" name=\"trp-form-language\" value=\"pl\"\/><\/form><div id='fluentform_3_errors' class='ff-errors-in-stack ff_form_instance_3_1 ff-form-loading_errors ff_form_instance_3_1_errors'><\/div><\/div>            <script type=\"text\/javascript\">\n                window.fluent_form_ff_form_instance_3_1 = {\"id\":\"3\",\"settings\":{\"layout\":{\"labelPlacement\":\"top\",\"asteriskPlacement\":\"asterisk-right\",\"helpMessagePlacement\":\"with_label\",\"errorMessagePlacement\":\"inline\",\"cssClassName\":\"\"},\"restrictions\":{\"denyEmptySubmission\":{\"enabled\":false}}},\"form_instance\":\"ff_form_instance_3_1\",\"form_id_selector\":\"fluentform_3\",\"rules\":{\"name\":{\"required\":{\"value\":true,\"message\":\"This field is required\"}},\"email\":{\"required\":{\"value\":true,\"message\":\"This field is required\"},\"email\":{\"value\":1,\"message\":\"This field must contain a valid email\"}},\"business_organization_1652772713219\":{\"required\":{\"value\":true,\"message\":\"This field is required\"}},\"message\":{\"required\":{\"value\":true,\"message\":\"This field is required\"}}},\"debounce_time\":300};\n                            <\/script>\n            [\/et_pb_code][\/et_pb_column][\/et_pb_row][et_pb_row _builder_version=&#8221;4.20.4&#8243; _module_preset=&#8221;default&#8221; global_colors_info=&#8221;{}&#8221;][et_pb_column type=&#8221;4_4&#8243; _builder_version=&#8221;4.20.4&#8243; _module_preset=&#8221;default&#8221; global_colors_info=&#8221;{}&#8221;][et_pb_text _builder_version=&#8221;4.20.4&#8243; _module_preset=&#8221;default&#8221; header_2_font_size=&#8221;40px&#8221; custom_margin=&#8221;63px||||false|false&#8221; global_colors_info=&#8221;{}&#8221;]<\/p>\n<h2 style=\"text-align: center;\"><strong>Cz\u0119sto zadawane pytania og\u00f3lne<\/strong><\/h2>\n<p>[\/et_pb_text][et_pb_text _builder_version=&#8221;4.20.4&#8243; _module_preset=&#8221;default&#8221; global_colors_info=&#8221;{}&#8221;]<\/p>\n<h5 data-start=\"331\" data-end=\"406\"><\/h5>\n<h5 data-start=\"331\" data-end=\"406\"><strong data-start=\"335\" data-end=\"406\">P1: Czy oferujecie mi\u0119dzynarodow\u0105 wysy\u0142k\u0119 maszyn rolniczych?<\/strong><\/h5>\n<p data-start=\"407\" data-end=\"658\"><strong data-start=\"407\" data-end=\"413\">A:<\/strong>Tak. Organizujemy wysy\u0142k\u0119 eksportow\u0105 dla klient\u00f3w mi\u0119dzynarodowych na ca\u0142ym \u015bwiecie. W zale\u017cno\u015bci od wielko\u015bci zam\u00f3wienia i miejsca przeznaczenia, maszyny mog\u0105 by\u0107 wysy\u0142ane drog\u0105 morsk\u0105 w kontenerach lub luzem. Nasz zesp\u00f3\u0142 pomaga w pakowaniu, za\u0142adunku i dokumentacji eksportowej.<\/p>\n<hr data-start=\"986\" data-end=\"989\" \/>\n<h5 data-start=\"665\" data-end=\"742\"><strong data-start=\"669\" data-end=\"742\">P2: Czy Wasz sprz\u0119t do belowania siana mo\u017ce by\u0107 dostosowany do r\u00f3\u017cnych rynk\u00f3w?<\/strong><\/h5>\n<p data-start=\"743\" data-end=\"984\"><strong data-start=\"743\" data-end=\"749\">A:<\/strong>Tak. Oferujemy opcje personalizacji pras do siana i powi\u0105zanego sprz\u0119tu, w tym specyfikacje, konfiguracje i wymagania rynkowe. Dystrybutorzy i profesjonalni nabywcy maj\u0105 dost\u0119p do us\u0142ug personalizacji OEM i hurtowej.<\/p>\n<hr data-start=\"986\" data-end=\"989\" \/>\n<h5 data-start=\"991\" data-end=\"1061\"><strong data-start=\"995\" data-end=\"1061\">P3: Jaki jest typowy czas realizacji zam\u00f3wienia i dostawy?<\/strong><\/h5>\n<p data-start=\"1062\" data-end=\"1317\"><strong data-start=\"1062\" data-end=\"1068\">A:<\/strong>Czas realizacji zam\u00f3wienia zale\u017cy od modelu urz\u0105dzenia i wielko\u015bci zam\u00f3wienia. Modele standardowe zazwyczaj wymagaj\u0105 kr\u00f3tszego cyklu produkcyjnego, natomiast zam\u00f3wienia niestandardowe mog\u0105 wymaga\u0107 d\u0142u\u017cszego czasu. Nasz zesp\u00f3\u0142 sprzeda\u017cy potwierdzi szacowany harmonogram przed potwierdzeniem zam\u00f3wienia.<\/p>\n<hr data-start=\"986\" data-end=\"989\" \/>\n<h5 data-start=\"1352\" data-end=\"1411\"><strong data-start=\"1356\" data-end=\"1411\">P4: Jakie standardy jako\u015bci spe\u0142niaj\u0105 Pa\u0144stwa maszyny?<\/strong><\/h5>\n<p data-start=\"1412\" data-end=\"1657\"><strong data-start=\"1412\" data-end=\"1418\">A:<\/strong>Nasze maszyny rolnicze s\u0105 produkowane z naciskiem na trwa\u0142o\u015b\u0107, stabiln\u0105 prac\u0119 i \u0142atw\u0105 konserwacj\u0119. Ka\u017cda maszyna jest sprawdzana przed wysy\u0142k\u0105, aby upewni\u0107 si\u0119, \u017ce spe\u0142nia wymagania operacyjne i eksportowe obowi\u0105zuj\u0105ce na rynkach mi\u0119dzynarodowych.<\/p>\n<hr data-start=\"1659\" data-end=\"1662\" \/>\n<h5 data-start=\"1664\" data-end=\"1724\"><strong data-start=\"1668\" data-end=\"1724\">P5: Czy zapewniacie wsparcie techniczne po zakupie?<\/strong><\/h5>\n<p data-start=\"1725\" data-end=\"1924\"><strong data-start=\"1725\" data-end=\"1731\">A:<\/strong>Tak. Zapewniamy ca\u0142odobowe wsparcie techniczne dla klient\u00f3w mi\u0119dzynarodowych. Wsparcie obejmuje wskaz\u00f3wki dotycz\u0105ce obs\u0142ugi, konserwacji i rozwi\u0105zywania problem\u00f3w, aby zapewni\u0107 d\u0142ugoterminow\u0105 wydajno\u015b\u0107 sprz\u0119tu.<\/p>\n<p data-start=\"1062\" data-end=\"1317\">[\/et_pb_text][\/et_pb_column][\/et_pb_row][\/et_pb_section]<\/p>","protected":false},"excerpt":{"rendered":"<p>Contact UsWe welcome inquiries from agricultural machinery distributors, dealers, and professional buyers worldwide.Whether you are looking for product details, pricing, customization, or long-term cooperation, our team is ready to support you. For faster assistance, please include your target market, product type, and estimated order quantity in your message.Company Adress ? Office Location:New South Wales \u2013 [&hellip;]<\/p>","protected":false},"author":1,"featured_media":0,"parent":0,"menu_order":0,"comment_status":"closed","ping_status":"closed","template":"","meta":{"_et_pb_use_builder":"on","_et_pb_old_content":"","_et_gb_content_width":"","footnotes":""},"class_list":["post-103","page","type-page","status-publish","hentry"],"_links":{"self":[{"href":"https:\/\/baler-hay.com\/pl\/wp-json\/wp\/v2\/pages\/103","targetHints":{"allow":["GET"]}}],"collection":[{"href":"https:\/\/baler-hay.com\/pl\/wp-json\/wp\/v2\/pages"}],"about":[{"href":"https:\/\/baler-hay.com\/pl\/wp-json\/wp\/v2\/types\/page"}],"author":[{"embeddable":true,"href":"https:\/\/baler-hay.com\/pl\/wp-json\/wp\/v2\/users\/1"}],"replies":[{"embeddable":true,"href":"https:\/\/baler-hay.com\/pl\/wp-json\/wp\/v2\/comments?post=103"}],"version-history":[{"count":8,"href":"https:\/\/baler-hay.com\/pl\/wp-json\/wp\/v2\/pages\/103\/revisions"}],"predecessor-version":[{"id":129,"href":"https:\/\/baler-hay.com\/pl\/wp-json\/wp\/v2\/pages\/103\/revisions\/129"}],"wp:attachment":[{"href":"https:\/\/baler-hay.com\/pl\/wp-json\/wp\/v2\/media?parent=103"}],"curies":[{"name":"wp","href":"https:\/\/api.w.org\/{rel}","templated":true}]}}