{"id":132,"date":"2026-02-02T03:40:34","date_gmt":"2026-02-02T03:40:34","guid":{"rendered":"https:\/\/baler-hay.com\/?page_id=132"},"modified":"2026-02-02T05:18:20","modified_gmt":"2026-02-02T05:18:20","slug":"o-nas","status":"publish","type":"page","link":"https:\/\/baler-hay.com\/pl\/o-nas\/","title":{"rendered":"O nas"},"content":{"rendered":"<p>[et_pb_section fb_built=&#8221;1&#8243; _builder_version=&#8221;4.20.4&#8243; _module_preset=&#8221;default&#8221; background_color=&#8221;#bfc7c2&#8243; global_colors_info=&#8221;{}&#8221;][et_pb_row column_structure=&#8221;3_4,1_4&#8243; _builder_version=&#8221;4.20.4&#8243; _module_preset=&#8221;default&#8221; global_colors_info=&#8221;{}&#8221;][et_pb_column type=&#8221;3_4&#8243; _builder_version=&#8221;4.20.4&#8243; _module_preset=&#8221;default&#8221; global_colors_info=&#8221;{}&#8221;][et_pb_text _builder_version=&#8221;4.20.4&#8243; _module_preset=&#8221;default&#8221; header_font_size=&#8221;45px&#8221; global_colors_info=&#8221;{}&#8221;]<\/p>\n<h1><strong>O nas \u2013 <\/strong><strong>Maszyny rolnicze <\/strong><\/h1>\n<h1><strong>dla rozwi\u0105za\u0144 w zakresie siana i paszy<\/strong><\/h1>\n<p>[\/et_pb_text][\/et_pb_column][et_pb_column type=&#8221;1_4&#8243; _builder_version=&#8221;4.20.4&#8243; _module_preset=&#8221;default&#8221; global_colors_info=&#8221;{}&#8221;][et_pb_image src=&#8221;https:\/\/baler-hay.com\/wp-content\/uploads\/2026\/01\/\u6253\u6346\u673a\u4fa7\u9762\u56fe-1.webp&#8221; title_text=&#8221;\u6253\u6346\u673a\u4fa7\u9762\u56fe&#8221; _builder_version=&#8221;4.20.4&#8243; _module_preset=&#8221;default&#8221; transform_scale=&#8221;274%|274%&#8221; transform_translate=&#8221;4px|1px&#8221; global_colors_info=&#8221;{}&#8221;][\/et_pb_image][\/et_pb_column][\/et_pb_row][\/et_pb_section][et_pb_section fb_built=&#8221;1&#8243; _builder_version=&#8221;4.20.4&#8243; _module_preset=&#8221;default&#8221; global_colors_info=&#8221;{}&#8221;][et_pb_row column_structure=&#8221;3_5,2_5&#8243; _builder_version=&#8221;4.20.4&#8243; _module_preset=&#8221;default&#8221; global_colors_info=&#8221;{}&#8221;][et_pb_column type=&#8221;3_5&#8243; _builder_version=&#8221;4.20.4&#8243; _module_preset=&#8221;default&#8221; global_colors_info=&#8221;{}&#8221;][et_pb_text _builder_version=&#8221;4.20.4&#8243; _module_preset=&#8221;default&#8221; header_2_font=&#8221;|700|||||||&#8221; header_2_font_size=&#8221;35px&#8221; global_colors_info=&#8221;{}&#8221;]<\/p>\n<h2 data-start=\"3703\" data-end=\"3717\">Kim jeste\u015bmy<\/h2>\n<p data-start=\"113\" data-end=\"411\">Specjalizujemy si\u0119 w rozwoju i produkcji maszyn rolniczych, wspieraj\u0105c si\u0119 silnym zapleczem badawczo-rozwojowym i prawie setk\u0105 patent\u00f3w technologicznych. W ca\u0142ym procesie rozwoju produktu stosujemy komputerowe wspomaganie projektowania i niezale\u017cne systemy testowania, aby zapewni\u0107 niezawodn\u0105 prac\u0119.<\/p>\n<p data-start=\"413\" data-end=\"781\">Nasze zak\u0142ady posiadaj\u0105 dedykowane linie produkcyjne do pras zwijaj\u0105cych i kosiarek, ka\u017cda o rocznej wydajno\u015bci oko\u0142o 2000 sztuk, wspierane przez zaawansowany sprz\u0119t, taki jak ci\u0119cie laserowe CNC, zautomatyzowane spawanie i systemy lakierowania elektrostatycznego. Dzi\u0119ki niezale\u017cnym uprawnieniom importowo-eksportowym, nasze produkty s\u0105 dostarczane na rynki mi\u0119dzynarodowe, w tym do Mongolii i Rosji.<\/p>\n<p data-start=\"783\" data-end=\"1183\">Zajmuj\u0105c pierwsze miejsce w sprzeda\u017cy pras zwijaj\u0105cych w kraju w roku obrotowym 2023\u20132024 i utrzymuj\u0105c pozycj\u0119 lidera na rynku przez cztery kolejne lata, kontynuujemy globaln\u0105 ekspansj\u0119 poprzez aktywny udzia\u0142 w mi\u0119dzynarodowych targach. Kieruj\u0105c si\u0119 podej\u015bciem zorientowanym na klienta i szczup\u0142\u0105 produkcj\u0105, jeste\u015bmy zaanga\u017cowani w dostarczanie op\u0142acalnych i inteligentnych rozwi\u0105za\u0144 w zakresie maszyn rolniczych na ca\u0142ym \u015bwiecie.<\/p>\n<p>[\/et_pb_text][\/et_pb_column][et_pb_column type=&#8221;2_5&#8243; _builder_version=&#8221;4.20.4&#8243; _module_preset=&#8221;default&#8221; global_colors_info=&#8221;{}&#8221;][et_pb_image src=&#8221;https:\/\/baler-hay.com\/wp-content\/uploads\/2026\/02\/\u53bb\u9664\u56fe\u7247\u7279\u5b9a\u90e8\u5206.webp&#8221; title_text=&#8221;\u53bb\u9664\u56fe\u7247\u7279\u5b9a\u90e8\u5206&#8221; _builder_version=&#8221;4.20.4&#8243; _module_preset=&#8221;default&#8221; transform_scale=&#8221;114%|114%&#8221; transform_translate=&#8221;8px|75px&#8221; global_colors_info=&#8221;{}&#8221;][\/et_pb_image][\/et_pb_column][\/et_pb_row][\/et_pb_section][et_pb_section fb_built=&#8221;1&#8243; _builder_version=&#8221;4.20.4&#8243; _module_preset=&#8221;default&#8221; global_colors_info=&#8221;{}&#8221;][et_pb_row column_structure=&#8221;1_3,2_3&#8243; _builder_version=&#8221;4.20.4&#8243; _module_preset=&#8221;default&#8221; global_colors_info=&#8221;{}&#8221;][et_pb_column type=&#8221;1_3&#8243; _builder_version=&#8221;4.20.4&#8243; _module_preset=&#8221;default&#8221; global_colors_info=&#8221;{}&#8221;][et_pb_image src=&#8221;https:\/\/baler-hay.com\/wp-content\/uploads\/2026\/02\/\u5ba2\u6237\u6848\u4f8b3.webp&#8221; title_text=&#8221;Customer collaboration&#8221; _builder_version=&#8221;4.20.4&#8243; _module_preset=&#8221;default&#8221; transform_scale=&#8221;132%|132%&#8221; transform_translate=&#8221;0px|30px&#8221; global_colors_info=&#8221;{}&#8221;][\/et_pb_image][\/et_pb_column][et_pb_column type=&#8221;2_3&#8243; _builder_version=&#8221;4.20.4&#8243; _module_preset=&#8221;default&#8221; global_colors_info=&#8221;{}&#8221;][et_pb_text _builder_version=&#8221;4.20.4&#8243; _module_preset=&#8221;default&#8221; header_2_font=&#8221;|700|||||||&#8221; header_2_font_size=&#8221;35px&#8221; custom_margin=&#8221;|||28px|false|false&#8221; global_colors_info=&#8221;{}&#8221;]<\/p>\n<h2>Co robimy<\/h2>\n<p>Oferujemy pe\u0142n\u0105 gam\u0119 maszyn rolniczych, obejmuj\u0105c\u0105:<\/p>\n<ul>\n<li>Kosiarki do siana;<\/li>\n<li>grabie do siana;<\/li>\n<li>Prasy okr\u0105g\u0142e;<\/li>\n<li>Podnosz\u0105cy fasol\u0119;<\/li>\n<li>Przyczepy do odbioru i transportu bel;<\/li>\n<li>Rozdrabniacze paszy i s\u0142omy;<br \/>Maszyny te maj\u0105 na celu zwi\u0119kszenie wydajno\u015bci, obni\u017cenie koszt\u00f3w pracy i zapewnienie stabilno\u015bci gospodarstwa rolnego.<\/li>\n<\/ul>\n<p>[\/et_pb_text][\/et_pb_column][\/et_pb_row][\/et_pb_section][et_pb_section fb_built=&#8221;1&#8243; _builder_version=&#8221;4.20.4&#8243; _module_preset=&#8221;default&#8221; background_color=&#8221;#e7e9e6&#8243; global_colors_info=&#8221;{}&#8221;][et_pb_row _builder_version=&#8221;4.20.4&#8243; _module_preset=&#8221;default&#8221; hover_enabled=&#8221;0&#8243; global_colors_info=&#8221;{}&#8221; sticky_enabled=&#8221;0&#8243;][et_pb_column type=&#8221;4_4&#8243; _builder_version=&#8221;4.20.4&#8243; _module_preset=&#8221;default&#8221; global_colors_info=&#8221;{}&#8221;][et_pb_text _builder_version=&#8221;4.20.4&#8243; _module_preset=&#8221;default&#8221; header_2_font=&#8221;|700|||||||&#8221; header_2_text_align=&#8221;center&#8221; header_2_font_size=&#8221;35px&#8221; global_colors_info=&#8221;{}&#8221;]<\/p>\n<h2>Wsp\u00f3\u0142praca i wsparcie<\/h2>\n<p>[\/et_pb_text][et_pb_text _builder_version=&#8221;4.20.4&#8243; _module_preset=&#8221;default&#8221; hover_enabled=&#8221;0&#8243; global_colors_info=&#8221;{}&#8221; border_color_all=&#8221;#0C71C3&#8243; sticky_enabled=&#8221;0&#8243;]<\/p>\n<p style=\"text-align: center;\">Wspieramy elastyczne modele wsp\u00f3\u0142pracy:<br \/>Projekty OEM\/ODM, Prywatne marki, Dostawy hurtowe dla dealer\u00f3w, D\u0142ugoterminowe partnerstwa dystrybucyjne.<\/p>\n<p style=\"text-align: center;\">Nasz zesp\u00f3\u0142 zapewnia profesjonaln\u0105 komunikacj\u0119, wsparcie techniczne i koordynacj\u0119 zam\u00f3wie\u0144 w ca\u0142ym procesie wsp\u00f3\u0142pracy.<\/p>\n<p>[\/et_pb_text][\/et_pb_column][\/et_pb_row][\/et_pb_section][et_pb_section fb_built=&#8221;1&#8243; _builder_version=&#8221;4.20.4&#8243; _module_preset=&#8221;default&#8221; global_colors_info=&#8221;{}&#8221;][et_pb_row _builder_version=&#8221;4.20.4&#8243; _module_preset=&#8221;default&#8221; global_colors_info=&#8221;{}&#8221;][et_pb_column type=&#8221;4_4&#8243; _builder_version=&#8221;4.20.4&#8243; _module_preset=&#8221;default&#8221; global_colors_info=&#8221;{}&#8221;][et_pb_text _builder_version=&#8221;4.20.4&#8243; _module_preset=&#8221;default&#8221; header_2_font=&#8221;|700|||||||&#8221; header_2_text_align=&#8221;center&#8221; header_2_font_size=&#8221;35px&#8221; custom_padding=&#8221;4px|||||&#8221; global_colors_info=&#8221;{}&#8221;]<\/p>\n<h2>Rzemios\u0142o<\/h2>\n<p style=\"text-align: center;\">Sprz\u0119t fabryczny i pracownicy aktualnie pracuj\u0105cy.<\/p>\n<p>[\/et_pb_text][\/et_pb_column][\/et_pb_row][et_pb_row column_structure=&#8221;1_2,1_2&#8243; _builder_version=&#8221;4.20.4&#8243; _module_preset=&#8221;default&#8221; global_colors_info=&#8221;{}&#8221;][et_pb_column type=&#8221;1_2&#8243; _builder_version=&#8221;4.20.4&#8243; _module_preset=&#8221;default&#8221; global_colors_info=&#8221;{}&#8221;][et_pb_image src=&#8221;https:\/\/baler-hay.com\/wp-content\/uploads\/2026\/02\/\u5de5\u5320\u7cbe\u795e.webp&#8221; title_text=&#8221;\u5de5\u5320\u7cbe\u795e&#8221; _builder_version=&#8221;4.20.4&#8243; _module_preset=&#8221;default&#8221; global_colors_info=&#8221;{}&#8221;][\/et_pb_image][\/et_pb_column][et_pb_column type=&#8221;1_2&#8243; _builder_version=&#8221;4.20.4&#8243; _module_preset=&#8221;default&#8221; global_colors_info=&#8221;{}&#8221;][et_pb_image src=&#8221;https:\/\/baler-hay.com\/wp-content\/uploads\/2026\/02\/\u5de5\u4eba\u7167\u7247.webp&#8221; title_text=&#8221;\u5de5\u4eba\u7167\u7247&#8221; _builder_version=&#8221;4.20.4&#8243; _module_preset=&#8221;default&#8221; global_colors_info=&#8221;{}&#8221;][\/et_pb_image][\/et_pb_column][\/et_pb_row][et_pb_row column_structure=&#8221;1_2,1_2&#8243; _builder_version=&#8221;4.20.4&#8243; _module_preset=&#8221;default&#8221; global_colors_info=&#8221;{}&#8221;][et_pb_column type=&#8221;1_2&#8243; _builder_version=&#8221;4.20.4&#8243; _module_preset=&#8221;default&#8221; global_colors_info=&#8221;{}&#8221;][et_pb_image src=&#8221;https:\/\/baler-hay.com\/wp-content\/uploads\/2026\/02\/\u5de5\u5320\u7cbe\u795e2.webp&#8221; title_text=&#8221;\u5de5\u5320\u7cbe\u795e2&#8243; _builder_version=&#8221;4.20.4&#8243; _module_preset=&#8221;default&#8221; global_colors_info=&#8221;{}&#8221;][\/et_pb_image][\/et_pb_column][et_pb_column type=&#8221;1_2&#8243; _builder_version=&#8221;4.20.4&#8243; _module_preset=&#8221;default&#8221; global_colors_info=&#8221;{}&#8221;][et_pb_image src=&#8221;https:\/\/baler-hay.com\/wp-content\/uploads\/2026\/02\/\u5de5\u5320\u7cbe\u795e3.webp&#8221; title_text=&#8221;\u5de5\u5320\u7cbe\u795e3&#8243; _builder_version=&#8221;4.20.4&#8243; _module_preset=&#8221;default&#8221; global_colors_info=&#8221;{}&#8221;][\/et_pb_image][\/et_pb_column][\/et_pb_row][\/et_pb_section][et_pb_section fb_built=&#8221;1&#8243; _builder_version=&#8221;4.20.4&#8243; _module_preset=&#8221;default&#8221; global_colors_info=&#8221;{}&#8221;][et_pb_row _builder_version=&#8221;4.20.4&#8243; _module_preset=&#8221;default&#8221; global_colors_info=&#8221;{}&#8221;][et_pb_column type=&#8221;4_4&#8243; _builder_version=&#8221;4.20.4&#8243; _module_preset=&#8221;default&#8221; global_colors_info=&#8221;{}&#8221;][et_pb_text _builder_version=&#8221;4.20.4&#8243; _module_preset=&#8221;default&#8221; header_2_font=&#8221;|700|||||||&#8221; header_2_text_align=&#8221;center&#8221; header_2_font_size=&#8221;35px&#8221; custom_padding=&#8221;4px|||||&#8221; global_colors_info=&#8221;{}&#8221;]<\/p>\n<h2>Certyfikat<\/h2>\n<p>[\/et_pb_text][\/et_pb_column][\/et_pb_row][et_pb_row _builder_version=&#8221;4.20.4&#8243; _module_preset=&#8221;default&#8221; global_colors_info=&#8221;{}&#8221;][et_pb_column type=&#8221;4_4&#8243; _builder_version=&#8221;4.20.4&#8243; _module_preset=&#8221;default&#8221; global_colors_info=&#8221;{}&#8221;][et_pb_image src=&#8221;https:\/\/baler-hay.com\/wp-content\/uploads\/2026\/02\/\u8bc1\u4e663.webp&#8221; title_text=&#8221;\u8bc1\u4e663&#8243; _builder_version=&#8221;4.20.4&#8243; _module_preset=&#8221;default&#8221; global_colors_info=&#8221;{}&#8221;][\/et_pb_image][\/et_pb_column][\/et_pb_row][\/et_pb_section][et_pb_section fb_built=&#8221;1&#8243; _builder_version=&#8221;4.20.4&#8243; _module_preset=&#8221;default&#8221; global_colors_info=&#8221;{}&#8221;][et_pb_row _builder_version=&#8221;4.20.4&#8243; _module_preset=&#8221;default&#8221; global_colors_info=&#8221;{}&#8221;][et_pb_column type=&#8221;4_4&#8243; _builder_version=&#8221;4.20.4&#8243; _module_preset=&#8221;default&#8221; global_colors_info=&#8221;{}&#8221;][et_pb_cta title=&#8221;Your Reliable Partner in Agricultural Machinery&#8221; button_text=&#8221;Click Here&#8221; _builder_version=&#8221;4.20.4&#8243; _module_preset=&#8221;default&#8221; header_font=&#8221;|700|||||||&#8221; header_text_color=&#8221;#FFFFFF&#8221; header_font_size=&#8221;30px&#8221; global_colors_info=&#8221;{}&#8221;]<\/p>\n<p data-start=\"5398\" data-end=\"5538\">Zale\u017cy nam na budowaniu d\u0142ugoterminowych partnerstw poprzez dostarczanie niezawodnych maszyn i profesjonalnych us\u0142ug klientom na ca\u0142ym \u015bwiecie.<\/p>\n<p data-start=\"5540\" data-end=\"5610\">Skontaktuj si\u0119 z nami, aby om\u00f3wi\u0107 swoje wymagania i mo\u017cliwo\u015bci wsp\u00f3\u0142pracy.<\/p>\n<p>[\/et_pb_cta][\/et_pb_column][\/et_pb_row][\/et_pb_section]<\/p>","protected":false},"excerpt":{"rendered":"<p>About Us \u2013 Agricultural Machinery for Hay &amp; Forage SolutionsWho We Are We specialize in the development and manufacturing of agricultural machinery, supported by strong R&amp;D capabilities and nearly one hundred technology patents. Computer-aided design and independent testing systems are applied throughout our product development process to ensure reliable performance. Our facilities operate dedicated production [&hellip;]<\/p>","protected":false},"author":1,"featured_media":0,"parent":0,"menu_order":0,"comment_status":"closed","ping_status":"closed","template":"","meta":{"_et_pb_use_builder":"on","_et_pb_old_content":"","_et_gb_content_width":"","footnotes":""},"class_list":["post-132","page","type-page","status-publish","hentry"],"_links":{"self":[{"href":"https:\/\/baler-hay.com\/pl\/wp-json\/wp\/v2\/pages\/132","targetHints":{"allow":["GET"]}}],"collection":[{"href":"https:\/\/baler-hay.com\/pl\/wp-json\/wp\/v2\/pages"}],"about":[{"href":"https:\/\/baler-hay.com\/pl\/wp-json\/wp\/v2\/types\/page"}],"author":[{"embeddable":true,"href":"https:\/\/baler-hay.com\/pl\/wp-json\/wp\/v2\/users\/1"}],"replies":[{"embeddable":true,"href":"https:\/\/baler-hay.com\/pl\/wp-json\/wp\/v2\/comments?post=132"}],"version-history":[{"count":9,"href":"https:\/\/baler-hay.com\/pl\/wp-json\/wp\/v2\/pages\/132\/revisions"}],"predecessor-version":[{"id":157,"href":"https:\/\/baler-hay.com\/pl\/wp-json\/wp\/v2\/pages\/132\/revisions\/157"}],"wp:attachment":[{"href":"https:\/\/baler-hay.com\/pl\/wp-json\/wp\/v2\/media?parent=132"}],"curies":[{"name":"wp","href":"https:\/\/api.w.org\/{rel}","templated":true}]}}